{"id":11470,"date":"2024-05-24T08:00:00","date_gmt":"2024-05-24T06:00:00","guid":{"rendered":"https:\/\/insights.smile.bi\/wszystkie-spostrzezenia\/case-studies-whitepapers\/"},"modified":"2025-07-17T08:34:38","modified_gmt":"2025-07-17T06:34:38","slug":"case-studies-whitepapers","status":"publish","type":"page","link":"https:\/\/insights.smile.bi\/pl\/wszystkie-spostrzezenia\/case-studies-whitepapers\/","title":{"rendered":"Bia\u0142e ksi\u0119gi, studia przypadk\u00f3w i nie tylko"},"content":{"rendered":" <div class=\"read-more-button-wrap\"><a href=\"https:\/\/insights.smile.bi\/pl\/wszystkie-spostrzezenia\/case-studies-whitepapers\/\" class=\"more-link\"><span class=\"faux-button\">(wi\u0119cej&hellip;)<\/span> <span class=\"screen-reader-text\">\"Bia\u0142e ksi\u0119gi, studia przypadk\u00f3w i nie tylko\"<\/span><\/a><\/div>","protected":false},"excerpt":{"rendered":"<p>(wi\u0119cej&hellip;) &#8222;Bia\u0142e ksi\u0119gi, studia przypadk\u00f3w i nie tylko&#8221;<\/p>\n","protected":false},"author":41,"featured_media":0,"parent":8091,"menu_order":2,"comment_status":"closed","ping_status":"closed","template":"","meta":{"_crdt_document":"","footnotes":""},"class_list":["post-11470","page","type-page","status-publish","hentry"],"_links":{"self":[{"href":"https:\/\/insights.smile.bi\/pl\/wp-json\/wp\/v2\/pages\/11470","targetHints":{"allow":["GET"]}}],"collection":[{"href":"https:\/\/insights.smile.bi\/pl\/wp-json\/wp\/v2\/pages"}],"about":[{"href":"https:\/\/insights.smile.bi\/pl\/wp-json\/wp\/v2\/types\/page"}],"author":[{"embeddable":true,"href":"https:\/\/insights.smile.bi\/pl\/wp-json\/wp\/v2\/users\/41"}],"replies":[{"embeddable":true,"href":"https:\/\/insights.smile.bi\/pl\/wp-json\/wp\/v2\/comments?post=11470"}],"version-history":[{"count":1,"href":"https:\/\/insights.smile.bi\/pl\/wp-json\/wp\/v2\/pages\/11470\/revisions"}],"predecessor-version":[{"id":15692,"href":"https:\/\/insights.smile.bi\/pl\/wp-json\/wp\/v2\/pages\/11470\/revisions\/15692"}],"up":[{"embeddable":true,"href":"https:\/\/insights.smile.bi\/pl\/wp-json\/wp\/v2\/pages\/8091"}],"wp:attachment":[{"href":"https:\/\/insights.smile.bi\/pl\/wp-json\/wp\/v2\/media?parent=11470"}],"curies":[{"name":"wp","href":"https:\/\/api.w.org\/{rel}","templated":true}]}}