{"id":11056,"date":"2024-05-24T08:00:00","date_gmt":"2024-05-24T06:00:00","guid":{"rendered":"https:\/\/insights.smile.bi\/?page_id=11056"},"modified":"2024-05-23T16:56:44","modified_gmt":"2024-05-23T14:56:44","slug":"jak-rozsadnie-korzystac-ze-sztucznej-inteligencji-w-cyfrowym-sektorze-farmaceutycznym","status":"publish","type":"page","link":"https:\/\/insights.smile.bi\/pl\/wszystkie-spostrzezenia\/case-studies-whitepapers\/jak-rozsadnie-korzystac-ze-sztucznej-inteligencji-w-cyfrowym-sektorze-farmaceutycznym\/","title":{"rendered":"Jak rozs\u0105dnie korzysta\u0107 ze sztucznej inteligencji w cyfrowym sektorze farmaceutycznym?"},"content":{"rendered":"You must be logged in to view this content.","protected":false},"excerpt":{"rendered":"You must be logged in to view this content.","protected":false},"author":41,"featured_media":0,"parent":11470,"menu_order":0,"comment_status":"open","ping_status":"closed","template":"templates\/template-full-width.php","meta":{"_crdt_document":"","footnotes":""},"class_list":["post-11056","page","type-page","status-publish","hentry"],"yoast_head":"<!-- This site is optimized with the Yoast SEO plugin v27.4 - https:\/\/yoast.com\/product\/yoast-seo-wordpress\/ -->\n<title>Jak rozs\u0105dnie korzysta\u0107 ze sztucznej inteligencji w cyfrowym sektorze farmaceutycznym? - Smile Insights+<\/title>\n<meta name=\"description\" content=\"Im Executive Briefing fasst Fabian Kaske einmal im Quartal die wichtigsten Branchenthemen exklusiv f\u00fcr Plus-Member bei Smile Insights+ zusammen. Die Themen:...\" \/>\n<meta name=\"robots\" content=\"index, follow, max-snippet:-1, max-image-preview:large, max-video-preview:-1\" \/>\n<link rel=\"canonical\" href=\"https:\/\/www.smilebi.pl\/studies-lps\/case-study-content-copilot\/\" \/>\n<meta property=\"og:locale\" content=\"pl_PL\" \/>\n<meta property=\"og:type\" content=\"article\" \/>\n<meta property=\"og:title\" content=\"Jak rozs\u0105dnie korzysta\u0107 ze sztucznej inteligencji w cyfrowym sektorze farmaceutycznym? - Smile Insights+\" \/>\n<meta property=\"og:description\" content=\"Im Executive Briefing fasst Fabian Kaske einmal im Quartal die wichtigsten Branchenthemen exklusiv f\u00fcr Plus-Member bei Smile Insights+ zusammen. Die Themen:...\" \/>\n<meta property=\"og:url\" content=\"https:\/\/www.smilebi.pl\/studies-lps\/case-study-content-copilot\/\" \/>\n<meta property=\"og:site_name\" content=\"Smile Insights+\" \/>\n<meta property=\"og:image\" content=\"https:\/\/insights.smile.bi\/wp-content\/uploads\/2024\/05\/SAI_CaseStudy_AI_1920x1080px-2-1440x810.jpg\" \/>\n<meta name=\"twitter:card\" content=\"summary_large_image\" \/>\n<meta name=\"twitter:label1\" content=\"Szacowany czas czytania\" \/>\n\t<meta name=\"twitter:data1\" content=\"3 minuty\" \/>\n<script type=\"application\/ld+json\" class=\"yoast-schema-graph\">{\"@context\":\"https:\\\/\\\/schema.org\",\"@graph\":[{\"@type\":\"WebPage\",\"@id\":\"https:\\\/\\\/insights.smile.bi\\\/pl\\\/wszystkie-spostrzezenia\\\/case-studies-whitepapers\\\/jak-rozsadnie-korzystac-ze-sztucznej-inteligencji-w-cyfrowym-sektorze-farmaceutycznym\\\/\",\"url\":\"https:\\\/\\\/www.smilebi.pl\\\/studies-lps\\\/case-study-content-copilot\\\/\",\"name\":\"Jak rozs\u0105dnie korzysta\u0107 ze sztucznej inteligencji w cyfrowym sektorze farmaceutycznym? - Smile Insights+\",\"isPartOf\":{\"@id\":\"https:\\\/\\\/insights.smile.bi\\\/#website\"},\"primaryImageOfPage\":{\"@id\":\"https:\\\/\\\/www.smilebi.pl\\\/studies-lps\\\/case-study-content-copilot\\\/#primaryimage\"},\"image\":{\"@id\":\"https:\\\/\\\/www.smilebi.pl\\\/studies-lps\\\/case-study-content-copilot\\\/#primaryimage\"},\"thumbnailUrl\":\"https:\\\/\\\/insights.smile.bi\\\/wp-content\\\/uploads\\\/2024\\\/05\\\/SAI_CaseStudy_AI_1920x1080px-2-1440x810.jpg\",\"datePublished\":\"2024-05-24T06:00:00+00:00\",\"description\":\"Im Executive Briefing fasst Fabian Kaske einmal im Quartal die wichtigsten Branchenthemen exklusiv f\u00fcr Plus-Member bei Smile Insights+ zusammen. Die Themen:...\",\"breadcrumb\":{\"@id\":\"https:\\\/\\\/www.smilebi.pl\\\/studies-lps\\\/case-study-content-copilot\\\/#breadcrumb\"},\"inLanguage\":\"pl-PL\",\"potentialAction\":[{\"@type\":\"ReadAction\",\"target\":[\"https:\\\/\\\/www.smilebi.pl\\\/studies-lps\\\/case-study-content-copilot\\\/\"]}]},{\"@type\":\"ImageObject\",\"inLanguage\":\"pl-PL\",\"@id\":\"https:\\\/\\\/www.smilebi.pl\\\/studies-lps\\\/case-study-content-copilot\\\/#primaryimage\",\"url\":\"https:\\\/\\\/insights.smile.bi\\\/wp-content\\\/uploads\\\/2024\\\/05\\\/SAI_CaseStudy_AI_1920x1080px-2-1440x810.jpg\",\"contentUrl\":\"https:\\\/\\\/insights.smile.bi\\\/wp-content\\\/uploads\\\/2024\\\/05\\\/SAI_CaseStudy_AI_1920x1080px-2-1440x810.jpg\"},{\"@type\":\"BreadcrumbList\",\"@id\":\"https:\\\/\\\/www.smilebi.pl\\\/studies-lps\\\/case-study-content-copilot\\\/#breadcrumb\",\"itemListElement\":[{\"@type\":\"ListItem\",\"position\":1,\"name\":\"Startseite\",\"item\":\"https:\\\/\\\/insights.smile.bi\\\/pl\\\/\"},{\"@type\":\"ListItem\",\"position\":2,\"name\":\"Wszystkie spostrze\u017cenia\",\"item\":\"https:\\\/\\\/insights.smile.bi\\\/pl\\\/wszystkie-spostrzezenia\\\/\"},{\"@type\":\"ListItem\",\"position\":3,\"name\":\"Bia\u0142e ksi\u0119gi, studia przypadk\u00f3w i nie tylko\",\"item\":\"https:\\\/\\\/insights.smile.bi\\\/pl\\\/wszystkie-spostrzezenia\\\/case-studies-whitepapers\\\/\"},{\"@type\":\"ListItem\",\"position\":4,\"name\":\"Jak rozs\u0105dnie korzysta\u0107 ze sztucznej inteligencji w cyfrowym sektorze farmaceutycznym?\"}]},{\"@type\":\"WebSite\",\"@id\":\"https:\\\/\\\/insights.smile.bi\\\/#website\",\"url\":\"https:\\\/\\\/insights.smile.bi\\\/\",\"name\":\"Smile Insights+\",\"description\":\"Centrum wiedzy Grupy Kaske\",\"publisher\":{\"@id\":\"https:\\\/\\\/insights.smile.bi\\\/#organization\"},\"potentialAction\":[{\"@type\":\"SearchAction\",\"target\":{\"@type\":\"EntryPoint\",\"urlTemplate\":\"https:\\\/\\\/insights.smile.bi\\\/?s={search_term_string}\"},\"query-input\":{\"@type\":\"PropertyValueSpecification\",\"valueRequired\":true,\"valueName\":\"search_term_string\"}}],\"inLanguage\":\"pl-PL\"},{\"@type\":\"Organization\",\"@id\":\"https:\\\/\\\/insights.smile.bi\\\/#organization\",\"name\":\"Smile BI GmbH\",\"url\":\"https:\\\/\\\/insights.smile.bi\\\/\",\"logo\":{\"@type\":\"ImageObject\",\"inLanguage\":\"pl-PL\",\"@id\":\"https:\\\/\\\/insights.smile.bi\\\/#\\\/schema\\\/logo\\\/image\\\/\",\"url\":\"https:\\\/\\\/insights.smile.bi\\\/wp-content\\\/uploads\\\/2021\\\/12\\\/Smile_BI-Logo.png\",\"contentUrl\":\"https:\\\/\\\/insights.smile.bi\\\/wp-content\\\/uploads\\\/2021\\\/12\\\/Smile_BI-Logo.png\",\"width\":728,\"height\":190,\"caption\":\"Smile BI GmbH\"},\"image\":{\"@id\":\"https:\\\/\\\/insights.smile.bi\\\/#\\\/schema\\\/logo\\\/image\\\/\"}}]}<\/script>\n<!-- \/ Yoast SEO plugin. -->","yoast_head_json":{"title":"Jak rozs\u0105dnie korzysta\u0107 ze sztucznej inteligencji w cyfrowym sektorze farmaceutycznym? - Smile Insights+","description":"Im Executive Briefing fasst Fabian Kaske einmal im Quartal die wichtigsten Branchenthemen exklusiv f\u00fcr Plus-Member bei Smile Insights+ zusammen. Die Themen:...","robots":{"index":"index","follow":"follow","max-snippet":"max-snippet:-1","max-image-preview":"max-image-preview:large","max-video-preview":"max-video-preview:-1"},"canonical":"https:\/\/www.smilebi.pl\/studies-lps\/case-study-content-copilot\/","og_locale":"pl_PL","og_type":"article","og_title":"Jak rozs\u0105dnie korzysta\u0107 ze sztucznej inteligencji w cyfrowym sektorze farmaceutycznym? - Smile Insights+","og_description":"Im Executive Briefing fasst Fabian Kaske einmal im Quartal die wichtigsten Branchenthemen exklusiv f\u00fcr Plus-Member bei Smile Insights+ zusammen. Die Themen:...","og_url":"https:\/\/www.smilebi.pl\/studies-lps\/case-study-content-copilot\/","og_site_name":"Smile Insights+","og_image":[{"url":"https:\/\/insights.smile.bi\/wp-content\/uploads\/2024\/05\/SAI_CaseStudy_AI_1920x1080px-2-1440x810.jpg","type":"","width":"","height":""}],"twitter_card":"summary_large_image","twitter_misc":{"Szacowany czas czytania":"3 minuty"},"schema":{"@context":"https:\/\/schema.org","@graph":[{"@type":"WebPage","@id":"https:\/\/insights.smile.bi\/pl\/wszystkie-spostrzezenia\/case-studies-whitepapers\/jak-rozsadnie-korzystac-ze-sztucznej-inteligencji-w-cyfrowym-sektorze-farmaceutycznym\/","url":"https:\/\/www.smilebi.pl\/studies-lps\/case-study-content-copilot\/","name":"Jak rozs\u0105dnie korzysta\u0107 ze sztucznej inteligencji w cyfrowym sektorze farmaceutycznym? - Smile Insights+","isPartOf":{"@id":"https:\/\/insights.smile.bi\/#website"},"primaryImageOfPage":{"@id":"https:\/\/www.smilebi.pl\/studies-lps\/case-study-content-copilot\/#primaryimage"},"image":{"@id":"https:\/\/www.smilebi.pl\/studies-lps\/case-study-content-copilot\/#primaryimage"},"thumbnailUrl":"https:\/\/insights.smile.bi\/wp-content\/uploads\/2024\/05\/SAI_CaseStudy_AI_1920x1080px-2-1440x810.jpg","datePublished":"2024-05-24T06:00:00+00:00","description":"Im Executive Briefing fasst Fabian Kaske einmal im Quartal die wichtigsten Branchenthemen exklusiv f\u00fcr Plus-Member bei Smile Insights+ zusammen. Die Themen:...","breadcrumb":{"@id":"https:\/\/www.smilebi.pl\/studies-lps\/case-study-content-copilot\/#breadcrumb"},"inLanguage":"pl-PL","potentialAction":[{"@type":"ReadAction","target":["https:\/\/www.smilebi.pl\/studies-lps\/case-study-content-copilot\/"]}]},{"@type":"ImageObject","inLanguage":"pl-PL","@id":"https:\/\/www.smilebi.pl\/studies-lps\/case-study-content-copilot\/#primaryimage","url":"https:\/\/insights.smile.bi\/wp-content\/uploads\/2024\/05\/SAI_CaseStudy_AI_1920x1080px-2-1440x810.jpg","contentUrl":"https:\/\/insights.smile.bi\/wp-content\/uploads\/2024\/05\/SAI_CaseStudy_AI_1920x1080px-2-1440x810.jpg"},{"@type":"BreadcrumbList","@id":"https:\/\/www.smilebi.pl\/studies-lps\/case-study-content-copilot\/#breadcrumb","itemListElement":[{"@type":"ListItem","position":1,"name":"Startseite","item":"https:\/\/insights.smile.bi\/pl\/"},{"@type":"ListItem","position":2,"name":"Wszystkie spostrze\u017cenia","item":"https:\/\/insights.smile.bi\/pl\/wszystkie-spostrzezenia\/"},{"@type":"ListItem","position":3,"name":"Bia\u0142e ksi\u0119gi, studia przypadk\u00f3w i nie tylko","item":"https:\/\/insights.smile.bi\/pl\/wszystkie-spostrzezenia\/case-studies-whitepapers\/"},{"@type":"ListItem","position":4,"name":"Jak rozs\u0105dnie korzysta\u0107 ze sztucznej inteligencji w cyfrowym sektorze farmaceutycznym?"}]},{"@type":"WebSite","@id":"https:\/\/insights.smile.bi\/#website","url":"https:\/\/insights.smile.bi\/","name":"Smile Insights+","description":"Centrum wiedzy Grupy Kaske","publisher":{"@id":"https:\/\/insights.smile.bi\/#organization"},"potentialAction":[{"@type":"SearchAction","target":{"@type":"EntryPoint","urlTemplate":"https:\/\/insights.smile.bi\/?s={search_term_string}"},"query-input":{"@type":"PropertyValueSpecification","valueRequired":true,"valueName":"search_term_string"}}],"inLanguage":"pl-PL"},{"@type":"Organization","@id":"https:\/\/insights.smile.bi\/#organization","name":"Smile BI GmbH","url":"https:\/\/insights.smile.bi\/","logo":{"@type":"ImageObject","inLanguage":"pl-PL","@id":"https:\/\/insights.smile.bi\/#\/schema\/logo\/image\/","url":"https:\/\/insights.smile.bi\/wp-content\/uploads\/2021\/12\/Smile_BI-Logo.png","contentUrl":"https:\/\/insights.smile.bi\/wp-content\/uploads\/2021\/12\/Smile_BI-Logo.png","width":728,"height":190,"caption":"Smile BI GmbH"},"image":{"@id":"https:\/\/insights.smile.bi\/#\/schema\/logo\/image\/"}}]}},"_links":{"self":[{"href":"https:\/\/insights.smile.bi\/pl\/wp-json\/wp\/v2\/pages\/11056","targetHints":{"allow":["GET"]}}],"collection":[{"href":"https:\/\/insights.smile.bi\/pl\/wp-json\/wp\/v2\/pages"}],"about":[{"href":"https:\/\/insights.smile.bi\/pl\/wp-json\/wp\/v2\/types\/page"}],"author":[{"embeddable":true,"href":"https:\/\/insights.smile.bi\/pl\/wp-json\/wp\/v2\/users\/41"}],"replies":[{"embeddable":true,"href":"https:\/\/insights.smile.bi\/pl\/wp-json\/wp\/v2\/comments?post=11056"}],"version-history":[{"count":0,"href":"https:\/\/insights.smile.bi\/pl\/wp-json\/wp\/v2\/pages\/11056\/revisions"}],"up":[{"embeddable":true,"href":"https:\/\/insights.smile.bi\/pl\/wp-json\/wp\/v2\/pages\/11470"}],"wp:attachment":[{"href":"https:\/\/insights.smile.bi\/pl\/wp-json\/wp\/v2\/media?parent=11056"}],"curies":[{"name":"wp","href":"https:\/\/api.w.org\/{rel}","templated":true}]}}