{"id":15499,"date":"2025-07-01T14:16:37","date_gmt":"2025-07-01T12:16:37","guid":{"rendered":"https:\/\/insights.smile.bi\/?page_id=15499"},"modified":"2025-07-01T14:24:52","modified_gmt":"2025-07-01T12:24:52","slug":"conference-lors-du-congres-annuel-neres-2025","status":"publish","type":"page","link":"https:\/\/insights.smile.bi\/fr\/tous-les-points-de-vue\/case-studies-whitepapers\/conference-lors-du-congres-annuel-neres-2025\/","title":{"rendered":"Conf\u00e9rence lors du congr\u00e8s annuel N\u00e8reS 2025"},"content":{"rendered":"Vous devez \u00eatre connect\u00e9 pour voir ce contenu.","protected":false},"excerpt":{"rendered":"Vous devez \u00eatre connect\u00e9 pour voir ce contenu.","protected":false},"author":395,"featured_media":13362,"parent":11468,"menu_order":0,"comment_status":"closed","ping_status":"closed","template":"templates\/template-full-width.php","meta":{"_crdt_document":"","footnotes":""},"class_list":["post-15499","page","type-page","status-publish","has-post-thumbnail","hentry"],"yoast_head":"<!-- This site is optimized with the Yoast SEO plugin v27.3 - https:\/\/yoast.com\/product\/yoast-seo-wordpress\/ -->\n<title>Conf\u00e9rence lors du congr\u00e8s annuel N\u00e8reS 2025 - Smile Insights+<\/title>\n<meta name=\"description\" content=\"Im Executive Briefing fasst Fabian Kaske einmal im Quartal die wichtigsten Branchenthemen exklusiv f\u00fcr Plus-Member bei Smile Insights+ zusammen. Die Themen:...\" \/>\n<meta name=\"robots\" content=\"index, follow, max-snippet:-1, max-image-preview:large, max-video-preview:-1\" \/>\n<link rel=\"canonical\" href=\"https:\/\/www.smilebi.fr\/studies-lps\/case-study-content-copilot\/\" \/>\n<meta property=\"og:locale\" content=\"fr_FR\" \/>\n<meta property=\"og:type\" content=\"article\" \/>\n<meta property=\"og:title\" content=\"Conf\u00e9rence lors du congr\u00e8s annuel N\u00e8reS 2025 - Smile Insights+\" \/>\n<meta property=\"og:description\" content=\"Im Executive Briefing fasst Fabian Kaske einmal im Quartal die wichtigsten Branchenthemen exklusiv f\u00fcr Plus-Member bei Smile Insights+ zusammen. Die Themen:...\" \/>\n<meta property=\"og:url\" content=\"https:\/\/www.smilebi.fr\/studies-lps\/case-study-content-copilot\/\" \/>\n<meta property=\"og:site_name\" content=\"Smile Insights+\" \/>\n<meta property=\"article:modified_time\" content=\"2025-07-01T12:24:52+00:00\" \/>\n<meta property=\"og:image\" content=\"https:\/\/insights.smile.bi\/wp-content\/uploads\/2024\/11\/Kaske-Group-Vortrag.jpg\" \/>\n\t<meta property=\"og:image:width\" content=\"1920\" \/>\n\t<meta property=\"og:image:height\" content=\"1080\" \/>\n\t<meta property=\"og:image:type\" content=\"image\/jpeg\" \/>\n<meta name=\"twitter:card\" content=\"summary_large_image\" \/>\n<meta name=\"twitter:label1\" content=\"Dur\u00e9e de lecture estim\u00e9e\" \/>\n\t<meta name=\"twitter:data1\" content=\"1 minute\" \/>\n<script type=\"application\/ld+json\" class=\"yoast-schema-graph\">{\"@context\":\"https:\\\/\\\/schema.org\",\"@graph\":[{\"@type\":\"WebPage\",\"@id\":\"https:\\\/\\\/insights.smile.bi\\\/fr\\\/tous-les-points-de-vue\\\/case-studies-whitepapers\\\/conference-lors-du-congres-annuel-neres-2025\\\/\",\"url\":\"https:\\\/\\\/www.smilebi.fr\\\/studies-lps\\\/case-study-content-copilot\\\/\",\"name\":\"Conf\u00e9rence lors du congr\u00e8s annuel N\u00e8reS 2025 - Smile Insights+\",\"isPartOf\":{\"@id\":\"https:\\\/\\\/insights.smile.bi\\\/fr\\\/#website\"},\"primaryImageOfPage\":{\"@id\":\"https:\\\/\\\/www.smilebi.fr\\\/studies-lps\\\/case-study-content-copilot\\\/#primaryimage\"},\"image\":{\"@id\":\"https:\\\/\\\/www.smilebi.fr\\\/studies-lps\\\/case-study-content-copilot\\\/#primaryimage\"},\"thumbnailUrl\":\"https:\\\/\\\/insights.smile.bi\\\/wp-content\\\/uploads\\\/2024\\\/11\\\/Kaske-Group-Vortrag.jpg\",\"datePublished\":\"2025-07-01T12:16:37+00:00\",\"dateModified\":\"2025-07-01T12:24:52+00:00\",\"description\":\"Im Executive Briefing fasst Fabian Kaske einmal im Quartal die wichtigsten Branchenthemen exklusiv f\u00fcr Plus-Member bei Smile Insights+ zusammen. Die Themen:...\",\"breadcrumb\":{\"@id\":\"https:\\\/\\\/www.smilebi.fr\\\/studies-lps\\\/case-study-content-copilot\\\/#breadcrumb\"},\"inLanguage\":\"fr-FR\",\"potentialAction\":[{\"@type\":\"ReadAction\",\"target\":[\"https:\\\/\\\/www.smilebi.fr\\\/studies-lps\\\/case-study-content-copilot\\\/\"]}]},{\"@type\":\"ImageObject\",\"inLanguage\":\"fr-FR\",\"@id\":\"https:\\\/\\\/www.smilebi.fr\\\/studies-lps\\\/case-study-content-copilot\\\/#primaryimage\",\"url\":\"https:\\\/\\\/insights.smile.bi\\\/wp-content\\\/uploads\\\/2024\\\/11\\\/Kaske-Group-Vortrag.jpg\",\"contentUrl\":\"https:\\\/\\\/insights.smile.bi\\\/wp-content\\\/uploads\\\/2024\\\/11\\\/Kaske-Group-Vortrag.jpg\",\"width\":1920,\"height\":1080},{\"@type\":\"BreadcrumbList\",\"@id\":\"https:\\\/\\\/www.smilebi.fr\\\/studies-lps\\\/case-study-content-copilot\\\/#breadcrumb\",\"itemListElement\":[{\"@type\":\"ListItem\",\"position\":1,\"name\":\"Startseite\",\"item\":\"https:\\\/\\\/insights.smile.bi\\\/fr\\\/\"},{\"@type\":\"ListItem\",\"position\":2,\"name\":\"Tous les points de vue\",\"item\":\"https:\\\/\\\/insights.smile.bi\\\/fr\\\/tous-les-points-de-vue\\\/\"},{\"@type\":\"ListItem\",\"position\":3,\"name\":\"Livres blancs, \u00e9tudes de cas et autres\",\"item\":\"https:\\\/\\\/insights.smile.bi\\\/fr\\\/tous-les-points-de-vue\\\/case-studies-whitepapers\\\/\"},{\"@type\":\"ListItem\",\"position\":4,\"name\":\"Conf\u00e9rence lors du congr\u00e8s annuel N\u00e8reS 2025\"}]},{\"@type\":\"WebSite\",\"@id\":\"https:\\\/\\\/insights.smile.bi\\\/fr\\\/#website\",\"url\":\"https:\\\/\\\/insights.smile.bi\\\/fr\\\/\",\"name\":\"Smile Insights+\",\"description\":\"Le Knowledge Hub du groupe Kaske\",\"publisher\":{\"@id\":\"https:\\\/\\\/insights.smile.bi\\\/fr\\\/#organization\"},\"potentialAction\":[{\"@type\":\"SearchAction\",\"target\":{\"@type\":\"EntryPoint\",\"urlTemplate\":\"https:\\\/\\\/insights.smile.bi\\\/fr\\\/?s={search_term_string}\"},\"query-input\":{\"@type\":\"PropertyValueSpecification\",\"valueRequired\":true,\"valueName\":\"search_term_string\"}}],\"inLanguage\":\"fr-FR\"},{\"@type\":\"Organization\",\"@id\":\"https:\\\/\\\/insights.smile.bi\\\/fr\\\/#organization\",\"name\":\"Smile BI GmbH\",\"url\":\"https:\\\/\\\/insights.smile.bi\\\/fr\\\/\",\"logo\":{\"@type\":\"ImageObject\",\"inLanguage\":\"fr-FR\",\"@id\":\"https:\\\/\\\/insights.smile.bi\\\/fr\\\/#\\\/schema\\\/logo\\\/image\\\/\",\"url\":\"https:\\\/\\\/insights.smile.bi\\\/wp-content\\\/uploads\\\/2021\\\/12\\\/Smile_BI-Logo.png\",\"contentUrl\":\"https:\\\/\\\/insights.smile.bi\\\/wp-content\\\/uploads\\\/2021\\\/12\\\/Smile_BI-Logo.png\",\"width\":728,\"height\":190,\"caption\":\"Smile BI GmbH\"},\"image\":{\"@id\":\"https:\\\/\\\/insights.smile.bi\\\/fr\\\/#\\\/schema\\\/logo\\\/image\\\/\"}}]}<\/script>\n<!-- \/ Yoast SEO plugin. -->","yoast_head_json":{"title":"Conf\u00e9rence lors du congr\u00e8s annuel N\u00e8reS 2025 - Smile Insights+","description":"Im Executive Briefing fasst Fabian Kaske einmal im Quartal die wichtigsten Branchenthemen exklusiv f\u00fcr Plus-Member bei Smile Insights+ zusammen. Die Themen:...","robots":{"index":"index","follow":"follow","max-snippet":"max-snippet:-1","max-image-preview":"max-image-preview:large","max-video-preview":"max-video-preview:-1"},"canonical":"https:\/\/www.smilebi.fr\/studies-lps\/case-study-content-copilot\/","og_locale":"fr_FR","og_type":"article","og_title":"Conf\u00e9rence lors du congr\u00e8s annuel N\u00e8reS 2025 - Smile Insights+","og_description":"Im Executive Briefing fasst Fabian Kaske einmal im Quartal die wichtigsten Branchenthemen exklusiv f\u00fcr Plus-Member bei Smile Insights+ zusammen. Die Themen:...","og_url":"https:\/\/www.smilebi.fr\/studies-lps\/case-study-content-copilot\/","og_site_name":"Smile Insights+","article_modified_time":"2025-07-01T12:24:52+00:00","og_image":[{"width":1920,"height":1080,"url":"https:\/\/insights.smile.bi\/wp-content\/uploads\/2024\/11\/Kaske-Group-Vortrag.jpg","type":"image\/jpeg"}],"twitter_card":"summary_large_image","twitter_misc":{"Dur\u00e9e de lecture estim\u00e9e":"1 minute"},"schema":{"@context":"https:\/\/schema.org","@graph":[{"@type":"WebPage","@id":"https:\/\/insights.smile.bi\/fr\/tous-les-points-de-vue\/case-studies-whitepapers\/conference-lors-du-congres-annuel-neres-2025\/","url":"https:\/\/www.smilebi.fr\/studies-lps\/case-study-content-copilot\/","name":"Conf\u00e9rence lors du congr\u00e8s annuel N\u00e8reS 2025 - Smile Insights+","isPartOf":{"@id":"https:\/\/insights.smile.bi\/fr\/#website"},"primaryImageOfPage":{"@id":"https:\/\/www.smilebi.fr\/studies-lps\/case-study-content-copilot\/#primaryimage"},"image":{"@id":"https:\/\/www.smilebi.fr\/studies-lps\/case-study-content-copilot\/#primaryimage"},"thumbnailUrl":"https:\/\/insights.smile.bi\/wp-content\/uploads\/2024\/11\/Kaske-Group-Vortrag.jpg","datePublished":"2025-07-01T12:16:37+00:00","dateModified":"2025-07-01T12:24:52+00:00","description":"Im Executive Briefing fasst Fabian Kaske einmal im Quartal die wichtigsten Branchenthemen exklusiv f\u00fcr Plus-Member bei Smile Insights+ zusammen. Die Themen:...","breadcrumb":{"@id":"https:\/\/www.smilebi.fr\/studies-lps\/case-study-content-copilot\/#breadcrumb"},"inLanguage":"fr-FR","potentialAction":[{"@type":"ReadAction","target":["https:\/\/www.smilebi.fr\/studies-lps\/case-study-content-copilot\/"]}]},{"@type":"ImageObject","inLanguage":"fr-FR","@id":"https:\/\/www.smilebi.fr\/studies-lps\/case-study-content-copilot\/#primaryimage","url":"https:\/\/insights.smile.bi\/wp-content\/uploads\/2024\/11\/Kaske-Group-Vortrag.jpg","contentUrl":"https:\/\/insights.smile.bi\/wp-content\/uploads\/2024\/11\/Kaske-Group-Vortrag.jpg","width":1920,"height":1080},{"@type":"BreadcrumbList","@id":"https:\/\/www.smilebi.fr\/studies-lps\/case-study-content-copilot\/#breadcrumb","itemListElement":[{"@type":"ListItem","position":1,"name":"Startseite","item":"https:\/\/insights.smile.bi\/fr\/"},{"@type":"ListItem","position":2,"name":"Tous les points de vue","item":"https:\/\/insights.smile.bi\/fr\/tous-les-points-de-vue\/"},{"@type":"ListItem","position":3,"name":"Livres blancs, \u00e9tudes de cas et autres","item":"https:\/\/insights.smile.bi\/fr\/tous-les-points-de-vue\/case-studies-whitepapers\/"},{"@type":"ListItem","position":4,"name":"Conf\u00e9rence lors du congr\u00e8s annuel N\u00e8reS 2025"}]},{"@type":"WebSite","@id":"https:\/\/insights.smile.bi\/fr\/#website","url":"https:\/\/insights.smile.bi\/fr\/","name":"Smile Insights+","description":"Le Knowledge Hub du groupe Kaske","publisher":{"@id":"https:\/\/insights.smile.bi\/fr\/#organization"},"potentialAction":[{"@type":"SearchAction","target":{"@type":"EntryPoint","urlTemplate":"https:\/\/insights.smile.bi\/fr\/?s={search_term_string}"},"query-input":{"@type":"PropertyValueSpecification","valueRequired":true,"valueName":"search_term_string"}}],"inLanguage":"fr-FR"},{"@type":"Organization","@id":"https:\/\/insights.smile.bi\/fr\/#organization","name":"Smile BI GmbH","url":"https:\/\/insights.smile.bi\/fr\/","logo":{"@type":"ImageObject","inLanguage":"fr-FR","@id":"https:\/\/insights.smile.bi\/fr\/#\/schema\/logo\/image\/","url":"https:\/\/insights.smile.bi\/wp-content\/uploads\/2021\/12\/Smile_BI-Logo.png","contentUrl":"https:\/\/insights.smile.bi\/wp-content\/uploads\/2021\/12\/Smile_BI-Logo.png","width":728,"height":190,"caption":"Smile BI GmbH"},"image":{"@id":"https:\/\/insights.smile.bi\/fr\/#\/schema\/logo\/image\/"}}]}},"_links":{"self":[{"href":"https:\/\/insights.smile.bi\/fr\/wp-json\/wp\/v2\/pages\/15499","targetHints":{"allow":["GET"]}}],"collection":[{"href":"https:\/\/insights.smile.bi\/fr\/wp-json\/wp\/v2\/pages"}],"about":[{"href":"https:\/\/insights.smile.bi\/fr\/wp-json\/wp\/v2\/types\/page"}],"author":[{"embeddable":true,"href":"https:\/\/insights.smile.bi\/fr\/wp-json\/wp\/v2\/users\/395"}],"replies":[{"embeddable":true,"href":"https:\/\/insights.smile.bi\/fr\/wp-json\/wp\/v2\/comments?post=15499"}],"version-history":[{"count":2,"href":"https:\/\/insights.smile.bi\/fr\/wp-json\/wp\/v2\/pages\/15499\/revisions"}],"predecessor-version":[{"id":15509,"href":"https:\/\/insights.smile.bi\/fr\/wp-json\/wp\/v2\/pages\/15499\/revisions\/15509"}],"up":[{"embeddable":true,"href":"https:\/\/insights.smile.bi\/fr\/wp-json\/wp\/v2\/pages\/11468"}],"wp:featuredmedia":[{"embeddable":true,"href":"https:\/\/insights.smile.bi\/fr\/wp-json\/wp\/v2\/media\/13362"}],"wp:attachment":[{"href":"https:\/\/insights.smile.bi\/fr\/wp-json\/wp\/v2\/media?parent=15499"}],"curies":[{"name":"wp","href":"https:\/\/api.w.org\/{rel}","templated":true}]}}