{"id":11054,"date":"2024-05-24T08:00:00","date_gmt":"2024-05-24T06:00:00","guid":{"rendered":"https:\/\/insights.smile.bi\/?page_id=11054"},"modified":"2025-07-01T14:40:26","modified_gmt":"2025-07-01T12:40:26","slug":"comment-utiliser-judicieusement-lia-dans-le-secteur-pharmaceutique-numerique","status":"publish","type":"page","link":"https:\/\/insights.smile.bi\/fr\/tous-les-points-de-vue\/case-studies-whitepapers\/comment-utiliser-judicieusement-lia-dans-le-secteur-pharmaceutique-numerique\/","title":{"rendered":"Comment utiliser judicieusement l&rsquo;IA dans le secteur pharmaceutique num\u00e9rique ?"},"content":{"rendered":"Vous devez \u00eatre connect\u00e9 pour voir ce contenu.","protected":false},"excerpt":{"rendered":"Vous devez \u00eatre connect\u00e9 pour voir ce contenu.","protected":false},"author":41,"featured_media":0,"parent":11468,"menu_order":0,"comment_status":"open","ping_status":"closed","template":"templates\/template-full-width.php","meta":{"footnotes":""},"class_list":["post-11054","page","type-page","status-publish","hentry"],"_links":{"self":[{"href":"https:\/\/insights.smile.bi\/fr\/wp-json\/wp\/v2\/pages\/11054","targetHints":{"allow":["GET"]}}],"collection":[{"href":"https:\/\/insights.smile.bi\/fr\/wp-json\/wp\/v2\/pages"}],"about":[{"href":"https:\/\/insights.smile.bi\/fr\/wp-json\/wp\/v2\/types\/page"}],"author":[{"embeddable":true,"href":"https:\/\/insights.smile.bi\/fr\/wp-json\/wp\/v2\/users\/41"}],"replies":[{"embeddable":true,"href":"https:\/\/insights.smile.bi\/fr\/wp-json\/wp\/v2\/comments?post=11054"}],"version-history":[{"count":1,"href":"https:\/\/insights.smile.bi\/fr\/wp-json\/wp\/v2\/pages\/11054\/revisions"}],"predecessor-version":[{"id":15511,"href":"https:\/\/insights.smile.bi\/fr\/wp-json\/wp\/v2\/pages\/11054\/revisions\/15511"}],"up":[{"embeddable":true,"href":"https:\/\/insights.smile.bi\/fr\/wp-json\/wp\/v2\/pages\/11468"}],"wp:attachment":[{"href":"https:\/\/insights.smile.bi\/fr\/wp-json\/wp\/v2\/media?parent=11054"}],"curies":[{"name":"wp","href":"https:\/\/api.w.org\/{rel}","templated":true}]}}