{"id":15827,"date":"2025-07-22T08:00:00","date_gmt":"2025-07-22T06:00:00","guid":{"rendered":"https:\/\/insights.smile.bi\/?page_id=15827"},"modified":"2025-08-06T14:19:18","modified_gmt":"2025-08-06T12:19:18","slug":"estudio-europeo-sobre-e-commerce-farmaceutico-25-espana","status":"publish","type":"page","link":"https:\/\/insights.smile.bi\/es\/todas-las-ideas\/estudios\/estudio-europeo-sobre-e-commerce-farmaceutico-25-espana\/","title":{"rendered":"Estudio europeo sobre e-commerce farmac\u00e9utico 25 &#8211; Espa\u00f1a"},"content":{"rendered":" <div class=\"read-more-button-wrap\"><a href=\"https:\/\/insights.smile.bi\/es\/todas-las-ideas\/estudios\/estudio-europeo-sobre-e-commerce-farmaceutico-25-espana\/\" class=\"more-link\"><span class=\"faux-button\">(m\u00e1s&hellip;)<\/span> <span class=\"screen-reader-text\">\"Estudio europeo sobre e-commerce farmac\u00e9utico 25 &#8211; Espa\u00f1a\"<\/span><\/a><\/div>","protected":false},"excerpt":{"rendered":"<p>(m\u00e1s&hellip;) \u00abEstudio europeo sobre e-commerce farmac\u00e9utico 25 &#8211; Espa\u00f1a\u00bb<\/p>\n","protected":false},"author":395,"featured_media":15845,"parent":8078,"menu_order":0,"comment_status":"open","ping_status":"closed","template":"templates\/template-full-width.php","meta":{"_crdt_document":"","footnotes":""},"class_list":["post-15827","page","type-page","status-publish","has-post-thumbnail","hentry"],"yoast_head":"<!-- This site is optimized with the Yoast SEO plugin v27.4 - https:\/\/yoast.com\/product\/yoast-seo-wordpress\/ -->\n<title>Estudio europeo sobre e-commerce farmac\u00e9utico 25 - Espa\u00f1a - Smile Insights+<\/title>\n<meta name=\"robots\" content=\"index, follow, max-snippet:-1, max-image-preview:large, max-video-preview:-1\" \/>\n<link rel=\"canonical\" href=\"https:\/\/www.smileai.es\/studies-lps\/european-pharma-ecommerce-study-25-es\" \/>\n<meta property=\"og:locale\" content=\"es_ES\" \/>\n<meta property=\"og:type\" content=\"article\" \/>\n<meta property=\"og:title\" content=\"Estudio europeo sobre e-commerce farmac\u00e9utico 25 - Espa\u00f1a - Smile Insights+\" \/>\n<meta property=\"og:description\" content=\"(m\u00e1s&hellip;) &quot;Estudio europeo sobre e-commerce farmac\u00e9utico 25 &#8211; Espa\u00f1a&quot;\" \/>\n<meta property=\"og:url\" content=\"https:\/\/www.smileai.es\/studies-lps\/european-pharma-ecommerce-study-25-es\" \/>\n<meta property=\"og:site_name\" content=\"Smile Insights+\" \/>\n<meta property=\"article:modified_time\" content=\"2025-08-06T12:19:18+00:00\" \/>\n<meta property=\"og:image\" content=\"https:\/\/insights.smile.bi\/wp-content\/uploads\/2025\/07\/SAI_European-Study25-Spain_1920_1080_3.jpg\" \/>\n\t<meta property=\"og:image:width\" content=\"1920\" \/>\n\t<meta property=\"og:image:height\" content=\"1080\" \/>\n\t<meta property=\"og:image:type\" content=\"image\/jpeg\" \/>\n<meta name=\"twitter:card\" content=\"summary_large_image\" \/>\n<meta name=\"twitter:label1\" content=\"Tiempo de lectura\" \/>\n\t<meta name=\"twitter:data1\" content=\"4 minutos\" \/>\n<script type=\"application\/ld+json\" class=\"yoast-schema-graph\">{\"@context\":\"https:\\\/\\\/schema.org\",\"@graph\":[{\"@type\":\"WebPage\",\"@id\":\"https:\\\/\\\/insights.smile.bi\\\/?page_id=15603\",\"url\":\"https:\\\/\\\/www.smileai.es\\\/studies-lps\\\/european-pharma-ecommerce-study-25-es\",\"name\":\"Estudio europeo sobre e-commerce farmac\u00e9utico 25 - Espa\u00f1a - Smile Insights+\",\"isPartOf\":{\"@id\":\"https:\\\/\\\/insights.smile.bi\\\/#website\"},\"primaryImageOfPage\":{\"@id\":\"https:\\\/\\\/www.smileai.es\\\/studies-lps\\\/european-pharma-ecommerce-study-25-es#primaryimage\"},\"image\":{\"@id\":\"https:\\\/\\\/www.smileai.es\\\/studies-lps\\\/european-pharma-ecommerce-study-25-es#primaryimage\"},\"thumbnailUrl\":\"https:\\\/\\\/insights.smile.bi\\\/wp-content\\\/uploads\\\/2025\\\/07\\\/SAI_European-Study25-Spain_1920_1080_3.jpg\",\"datePublished\":\"2025-07-22T06:00:00+00:00\",\"dateModified\":\"2025-08-06T12:19:18+00:00\",\"breadcrumb\":{\"@id\":\"https:\\\/\\\/www.smileai.es\\\/studies-lps\\\/european-pharma-ecommerce-study-25-es#breadcrumb\"},\"inLanguage\":\"es\",\"potentialAction\":[{\"@type\":\"ReadAction\",\"target\":[\"https:\\\/\\\/www.smileai.es\\\/studies-lps\\\/european-pharma-ecommerce-study-25-es\"]}]},{\"@type\":\"ImageObject\",\"inLanguage\":\"es\",\"@id\":\"https:\\\/\\\/www.smileai.es\\\/studies-lps\\\/european-pharma-ecommerce-study-25-es#primaryimage\",\"url\":\"https:\\\/\\\/insights.smile.bi\\\/wp-content\\\/uploads\\\/2025\\\/07\\\/SAI_European-Study25-Spain_1920_1080_3.jpg\",\"contentUrl\":\"https:\\\/\\\/insights.smile.bi\\\/wp-content\\\/uploads\\\/2025\\\/07\\\/SAI_European-Study25-Spain_1920_1080_3.jpg\",\"width\":1920,\"height\":1080},{\"@type\":\"BreadcrumbList\",\"@id\":\"https:\\\/\\\/www.smileai.es\\\/studies-lps\\\/european-pharma-ecommerce-study-25-es#breadcrumb\",\"itemListElement\":[{\"@type\":\"ListItem\",\"position\":1,\"name\":\"Startseite\",\"item\":\"https:\\\/\\\/insights.smile.bi\\\/es\\\/\"},{\"@type\":\"ListItem\",\"position\":2,\"name\":\"Todas las ideas\",\"item\":\"https:\\\/\\\/insights.smile.bi\\\/es\\\/todas-las-ideas\\\/\"},{\"@type\":\"ListItem\",\"position\":3,\"name\":\"Estudios\",\"item\":\"https:\\\/\\\/insights.smile.bi\\\/alle-insights\\\/studien-plus\\\/\"},{\"@type\":\"ListItem\",\"position\":4,\"name\":\"Estudio europeo sobre e-commerce farmac\u00e9utico 25 &#8211; Espa\u00f1a\"}]},{\"@type\":\"WebSite\",\"@id\":\"https:\\\/\\\/insights.smile.bi\\\/#website\",\"url\":\"https:\\\/\\\/insights.smile.bi\\\/\",\"name\":\"Smile Insights+\",\"description\":\"El Centro de Conocimiento del Grupo Kaske\",\"publisher\":{\"@id\":\"https:\\\/\\\/insights.smile.bi\\\/#organization\"},\"potentialAction\":[{\"@type\":\"SearchAction\",\"target\":{\"@type\":\"EntryPoint\",\"urlTemplate\":\"https:\\\/\\\/insights.smile.bi\\\/?s={search_term_string}\"},\"query-input\":{\"@type\":\"PropertyValueSpecification\",\"valueRequired\":true,\"valueName\":\"search_term_string\"}}],\"inLanguage\":\"es\"},{\"@type\":\"Organization\",\"@id\":\"https:\\\/\\\/insights.smile.bi\\\/#organization\",\"name\":\"Smile BI GmbH\",\"url\":\"https:\\\/\\\/insights.smile.bi\\\/\",\"logo\":{\"@type\":\"ImageObject\",\"inLanguage\":\"es\",\"@id\":\"https:\\\/\\\/insights.smile.bi\\\/#\\\/schema\\\/logo\\\/image\\\/\",\"url\":\"https:\\\/\\\/insights.smile.bi\\\/wp-content\\\/uploads\\\/2021\\\/12\\\/Smile_BI-Logo.png\",\"contentUrl\":\"https:\\\/\\\/insights.smile.bi\\\/wp-content\\\/uploads\\\/2021\\\/12\\\/Smile_BI-Logo.png\",\"width\":728,\"height\":190,\"caption\":\"Smile BI GmbH\"},\"image\":{\"@id\":\"https:\\\/\\\/insights.smile.bi\\\/#\\\/schema\\\/logo\\\/image\\\/\"}}]}<\/script>\n<!-- \/ Yoast SEO plugin. -->","yoast_head_json":{"title":"Estudio europeo sobre e-commerce farmac\u00e9utico 25 - Espa\u00f1a - Smile Insights+","robots":{"index":"index","follow":"follow","max-snippet":"max-snippet:-1","max-image-preview":"max-image-preview:large","max-video-preview":"max-video-preview:-1"},"canonical":"https:\/\/www.smileai.es\/studies-lps\/european-pharma-ecommerce-study-25-es","og_locale":"es_ES","og_type":"article","og_title":"Estudio europeo sobre e-commerce farmac\u00e9utico 25 - Espa\u00f1a - Smile Insights+","og_description":"(m\u00e1s&hellip;) \"Estudio europeo sobre e-commerce farmac\u00e9utico 25 &#8211; Espa\u00f1a\"","og_url":"https:\/\/www.smileai.es\/studies-lps\/european-pharma-ecommerce-study-25-es","og_site_name":"Smile Insights+","article_modified_time":"2025-08-06T12:19:18+00:00","og_image":[{"width":1920,"height":1080,"url":"https:\/\/insights.smile.bi\/wp-content\/uploads\/2025\/07\/SAI_European-Study25-Spain_1920_1080_3.jpg","type":"image\/jpeg"}],"twitter_card":"summary_large_image","twitter_misc":{"Tiempo de lectura":"4 minutos"},"schema":{"@context":"https:\/\/schema.org","@graph":[{"@type":"WebPage","@id":"https:\/\/insights.smile.bi\/?page_id=15603","url":"https:\/\/www.smileai.es\/studies-lps\/european-pharma-ecommerce-study-25-es","name":"Estudio europeo sobre e-commerce farmac\u00e9utico 25 - Espa\u00f1a - Smile Insights+","isPartOf":{"@id":"https:\/\/insights.smile.bi\/#website"},"primaryImageOfPage":{"@id":"https:\/\/www.smileai.es\/studies-lps\/european-pharma-ecommerce-study-25-es#primaryimage"},"image":{"@id":"https:\/\/www.smileai.es\/studies-lps\/european-pharma-ecommerce-study-25-es#primaryimage"},"thumbnailUrl":"https:\/\/insights.smile.bi\/wp-content\/uploads\/2025\/07\/SAI_European-Study25-Spain_1920_1080_3.jpg","datePublished":"2025-07-22T06:00:00+00:00","dateModified":"2025-08-06T12:19:18+00:00","breadcrumb":{"@id":"https:\/\/www.smileai.es\/studies-lps\/european-pharma-ecommerce-study-25-es#breadcrumb"},"inLanguage":"es","potentialAction":[{"@type":"ReadAction","target":["https:\/\/www.smileai.es\/studies-lps\/european-pharma-ecommerce-study-25-es"]}]},{"@type":"ImageObject","inLanguage":"es","@id":"https:\/\/www.smileai.es\/studies-lps\/european-pharma-ecommerce-study-25-es#primaryimage","url":"https:\/\/insights.smile.bi\/wp-content\/uploads\/2025\/07\/SAI_European-Study25-Spain_1920_1080_3.jpg","contentUrl":"https:\/\/insights.smile.bi\/wp-content\/uploads\/2025\/07\/SAI_European-Study25-Spain_1920_1080_3.jpg","width":1920,"height":1080},{"@type":"BreadcrumbList","@id":"https:\/\/www.smileai.es\/studies-lps\/european-pharma-ecommerce-study-25-es#breadcrumb","itemListElement":[{"@type":"ListItem","position":1,"name":"Startseite","item":"https:\/\/insights.smile.bi\/es\/"},{"@type":"ListItem","position":2,"name":"Todas las ideas","item":"https:\/\/insights.smile.bi\/es\/todas-las-ideas\/"},{"@type":"ListItem","position":3,"name":"Estudios","item":"https:\/\/insights.smile.bi\/alle-insights\/studien-plus\/"},{"@type":"ListItem","position":4,"name":"Estudio europeo sobre e-commerce farmac\u00e9utico 25 &#8211; Espa\u00f1a"}]},{"@type":"WebSite","@id":"https:\/\/insights.smile.bi\/#website","url":"https:\/\/insights.smile.bi\/","name":"Smile Insights+","description":"El Centro de Conocimiento del Grupo Kaske","publisher":{"@id":"https:\/\/insights.smile.bi\/#organization"},"potentialAction":[{"@type":"SearchAction","target":{"@type":"EntryPoint","urlTemplate":"https:\/\/insights.smile.bi\/?s={search_term_string}"},"query-input":{"@type":"PropertyValueSpecification","valueRequired":true,"valueName":"search_term_string"}}],"inLanguage":"es"},{"@type":"Organization","@id":"https:\/\/insights.smile.bi\/#organization","name":"Smile BI GmbH","url":"https:\/\/insights.smile.bi\/","logo":{"@type":"ImageObject","inLanguage":"es","@id":"https:\/\/insights.smile.bi\/#\/schema\/logo\/image\/","url":"https:\/\/insights.smile.bi\/wp-content\/uploads\/2021\/12\/Smile_BI-Logo.png","contentUrl":"https:\/\/insights.smile.bi\/wp-content\/uploads\/2021\/12\/Smile_BI-Logo.png","width":728,"height":190,"caption":"Smile BI GmbH"},"image":{"@id":"https:\/\/insights.smile.bi\/#\/schema\/logo\/image\/"}}]}},"_links":{"self":[{"href":"https:\/\/insights.smile.bi\/es\/wp-json\/wp\/v2\/pages\/15827","targetHints":{"allow":["GET"]}}],"collection":[{"href":"https:\/\/insights.smile.bi\/es\/wp-json\/wp\/v2\/pages"}],"about":[{"href":"https:\/\/insights.smile.bi\/es\/wp-json\/wp\/v2\/types\/page"}],"author":[{"embeddable":true,"href":"https:\/\/insights.smile.bi\/es\/wp-json\/wp\/v2\/users\/395"}],"replies":[{"embeddable":true,"href":"https:\/\/insights.smile.bi\/es\/wp-json\/wp\/v2\/comments?post=15827"}],"version-history":[{"count":6,"href":"https:\/\/insights.smile.bi\/es\/wp-json\/wp\/v2\/pages\/15827\/revisions"}],"predecessor-version":[{"id":16236,"href":"https:\/\/insights.smile.bi\/es\/wp-json\/wp\/v2\/pages\/15827\/revisions\/16236"}],"up":[{"embeddable":true,"href":"https:\/\/insights.smile.bi\/es\/wp-json\/wp\/v2\/pages\/8078"}],"wp:featuredmedia":[{"embeddable":true,"href":"https:\/\/insights.smile.bi\/es\/wp-json\/wp\/v2\/media\/15845"}],"wp:attachment":[{"href":"https:\/\/insights.smile.bi\/es\/wp-json\/wp\/v2\/media?parent=15827"}],"curies":[{"name":"wp","href":"https:\/\/api.w.org\/{rel}","templated":true}]}}