{"id":8106,"date":"2021-12-07T17:48:11","date_gmt":"2021-12-07T16:48:11","guid":{"rendered":"https:\/\/insights.smile.bi\/?page_id=8106"},"modified":"2024-10-28T17:13:05","modified_gmt":"2024-10-28T16:13:05","slug":"zasady-ochrany-osobnich-udaju","status":"publish","type":"page","link":"https:\/\/insights.smile.bi\/cs\/zasady-ochrany-osobnich-udaju\/","title":{"rendered":"Z\u00e1sady ochrany osobn\u00edch \u00fadaj\u016f"},"content":{"rendered":" <div class=\"read-more-button-wrap\"><a href=\"https:\/\/insights.smile.bi\/cs\/zasady-ochrany-osobnich-udaju\/\" class=\"more-link\"><span class=\"faux-button\">(Pokra\u010dov\u00e1n\u00ed textu&hellip;)<\/span> <span class=\"screen-reader-text\">\"Z\u00e1sady ochrany osobn\u00edch \u00fadaj\u016f\"<\/span><\/a><\/div>","protected":false},"excerpt":{"rendered":"<p>(Pokra\u010dov\u00e1n\u00ed textu&hellip;) &#8222;Z\u00e1sady ochrany osobn\u00edch \u00fadaj\u016f&#8220;<\/p>\n","protected":false},"author":41,"featured_media":0,"parent":0,"menu_order":97,"comment_status":"closed","ping_status":"closed","template":"","meta":{"_crdt_document":"","footnotes":""},"class_list":["post-8106","page","type-page","status-publish","hentry"],"yoast_head":"<!-- This site is optimized with the Yoast SEO plugin v27.4 - https:\/\/yoast.com\/product\/yoast-seo-wordpress\/ -->\n<title>Z\u00e1sady ochrany osobn\u00edch \u00fadaj\u016f - Smile Insights+<\/title>\n<meta name=\"robots\" content=\"index, follow, max-snippet:-1, max-image-preview:large, max-video-preview:-1\" \/>\n<link rel=\"canonical\" href=\"https:\/\/insights.smile.bi\/cs\/zasady-ochrany-osobnich-udaju\/\" \/>\n<meta property=\"og:locale\" content=\"cs_CZ\" \/>\n<meta property=\"og:type\" content=\"article\" \/>\n<meta property=\"og:title\" content=\"Z\u00e1sady ochrany osobn\u00edch \u00fadaj\u016f - Smile Insights+\" \/>\n<meta property=\"og:description\" content=\"(Pokra\u010dov\u00e1n\u00ed textu&hellip;) &quot;Z\u00e1sady ochrany osobn\u00edch \u00fadaj\u016f&quot;\" \/>\n<meta property=\"og:url\" content=\"https:\/\/insights.smile.bi\/cs\/zasady-ochrany-osobnich-udaju\/\" \/>\n<meta property=\"og:site_name\" content=\"Smile Insights+\" \/>\n<meta property=\"article:modified_time\" content=\"2024-10-28T16:13:05+00:00\" \/>\n<meta name=\"twitter:card\" content=\"summary_large_image\" \/>\n<meta name=\"twitter:label1\" content=\"Odhadovan\u00e1 doba \u010dten\u00ed\" \/>\n\t<meta name=\"twitter:data1\" content=\"11 minut\" \/>\n<script type=\"application\/ld+json\" class=\"yoast-schema-graph\">{\"@context\":\"https:\\\/\\\/schema.org\",\"@graph\":[{\"@type\":\"WebPage\",\"@id\":\"https:\\\/\\\/insights.smile.bi\\\/cs\\\/zasady-ochrany-osobnich-udaju\\\/\",\"url\":\"https:\\\/\\\/insights.smile.bi\\\/cs\\\/zasady-ochrany-osobnich-udaju\\\/\",\"name\":\"Z\u00e1sady ochrany osobn\u00edch \u00fadaj\u016f - Smile Insights+\",\"isPartOf\":{\"@id\":\"https:\\\/\\\/insights.smile.bi\\\/cs\\\/#website\"},\"datePublished\":\"2021-12-07T16:48:11+00:00\",\"dateModified\":\"2024-10-28T16:13:05+00:00\",\"breadcrumb\":{\"@id\":\"https:\\\/\\\/insights.smile.bi\\\/cs\\\/zasady-ochrany-osobnich-udaju\\\/#breadcrumb\"},\"inLanguage\":\"cs\",\"potentialAction\":[{\"@type\":\"ReadAction\",\"target\":[\"https:\\\/\\\/insights.smile.bi\\\/cs\\\/zasady-ochrany-osobnich-udaju\\\/\"]}]},{\"@type\":\"BreadcrumbList\",\"@id\":\"https:\\\/\\\/insights.smile.bi\\\/cs\\\/zasady-ochrany-osobnich-udaju\\\/#breadcrumb\",\"itemListElement\":[{\"@type\":\"ListItem\",\"position\":1,\"name\":\"Startseite\",\"item\":\"https:\\\/\\\/insights.smile.bi\\\/cs\\\/\"},{\"@type\":\"ListItem\",\"position\":2,\"name\":\"Z\u00e1sady ochrany osobn\u00edch \u00fadaj\u016f\"}]},{\"@type\":\"WebSite\",\"@id\":\"https:\\\/\\\/insights.smile.bi\\\/cs\\\/#website\",\"url\":\"https:\\\/\\\/insights.smile.bi\\\/cs\\\/\",\"name\":\"Smile Insights+\",\"description\":\"Znalostn\u00ed centrum spole\u010dnosti Kaske Group\",\"publisher\":{\"@id\":\"https:\\\/\\\/insights.smile.bi\\\/cs\\\/#organization\"},\"potentialAction\":[{\"@type\":\"SearchAction\",\"target\":{\"@type\":\"EntryPoint\",\"urlTemplate\":\"https:\\\/\\\/insights.smile.bi\\\/cs\\\/?s={search_term_string}\"},\"query-input\":{\"@type\":\"PropertyValueSpecification\",\"valueRequired\":true,\"valueName\":\"search_term_string\"}}],\"inLanguage\":\"cs\"},{\"@type\":\"Organization\",\"@id\":\"https:\\\/\\\/insights.smile.bi\\\/cs\\\/#organization\",\"name\":\"Smile BI GmbH\",\"url\":\"https:\\\/\\\/insights.smile.bi\\\/cs\\\/\",\"logo\":{\"@type\":\"ImageObject\",\"inLanguage\":\"cs\",\"@id\":\"https:\\\/\\\/insights.smile.bi\\\/cs\\\/#\\\/schema\\\/logo\\\/image\\\/\",\"url\":\"https:\\\/\\\/insights.smile.bi\\\/wp-content\\\/uploads\\\/2021\\\/12\\\/Smile_BI-Logo.png\",\"contentUrl\":\"https:\\\/\\\/insights.smile.bi\\\/wp-content\\\/uploads\\\/2021\\\/12\\\/Smile_BI-Logo.png\",\"width\":728,\"height\":190,\"caption\":\"Smile BI GmbH\"},\"image\":{\"@id\":\"https:\\\/\\\/insights.smile.bi\\\/cs\\\/#\\\/schema\\\/logo\\\/image\\\/\"}}]}<\/script>\n<!-- \/ Yoast SEO plugin. -->","yoast_head_json":{"title":"Z\u00e1sady ochrany osobn\u00edch \u00fadaj\u016f - Smile Insights+","robots":{"index":"index","follow":"follow","max-snippet":"max-snippet:-1","max-image-preview":"max-image-preview:large","max-video-preview":"max-video-preview:-1"},"canonical":"https:\/\/insights.smile.bi\/cs\/zasady-ochrany-osobnich-udaju\/","og_locale":"cs_CZ","og_type":"article","og_title":"Z\u00e1sady ochrany osobn\u00edch \u00fadaj\u016f - Smile Insights+","og_description":"(Pokra\u010dov\u00e1n\u00ed textu&hellip;) \"Z\u00e1sady ochrany osobn\u00edch \u00fadaj\u016f\"","og_url":"https:\/\/insights.smile.bi\/cs\/zasady-ochrany-osobnich-udaju\/","og_site_name":"Smile Insights+","article_modified_time":"2024-10-28T16:13:05+00:00","twitter_card":"summary_large_image","twitter_misc":{"Odhadovan\u00e1 doba \u010dten\u00ed":"11 minut"},"schema":{"@context":"https:\/\/schema.org","@graph":[{"@type":"WebPage","@id":"https:\/\/insights.smile.bi\/cs\/zasady-ochrany-osobnich-udaju\/","url":"https:\/\/insights.smile.bi\/cs\/zasady-ochrany-osobnich-udaju\/","name":"Z\u00e1sady ochrany osobn\u00edch \u00fadaj\u016f - Smile Insights+","isPartOf":{"@id":"https:\/\/insights.smile.bi\/cs\/#website"},"datePublished":"2021-12-07T16:48:11+00:00","dateModified":"2024-10-28T16:13:05+00:00","breadcrumb":{"@id":"https:\/\/insights.smile.bi\/cs\/zasady-ochrany-osobnich-udaju\/#breadcrumb"},"inLanguage":"cs","potentialAction":[{"@type":"ReadAction","target":["https:\/\/insights.smile.bi\/cs\/zasady-ochrany-osobnich-udaju\/"]}]},{"@type":"BreadcrumbList","@id":"https:\/\/insights.smile.bi\/cs\/zasady-ochrany-osobnich-udaju\/#breadcrumb","itemListElement":[{"@type":"ListItem","position":1,"name":"Startseite","item":"https:\/\/insights.smile.bi\/cs\/"},{"@type":"ListItem","position":2,"name":"Z\u00e1sady ochrany osobn\u00edch \u00fadaj\u016f"}]},{"@type":"WebSite","@id":"https:\/\/insights.smile.bi\/cs\/#website","url":"https:\/\/insights.smile.bi\/cs\/","name":"Smile Insights+","description":"Znalostn\u00ed centrum spole\u010dnosti Kaske Group","publisher":{"@id":"https:\/\/insights.smile.bi\/cs\/#organization"},"potentialAction":[{"@type":"SearchAction","target":{"@type":"EntryPoint","urlTemplate":"https:\/\/insights.smile.bi\/cs\/?s={search_term_string}"},"query-input":{"@type":"PropertyValueSpecification","valueRequired":true,"valueName":"search_term_string"}}],"inLanguage":"cs"},{"@type":"Organization","@id":"https:\/\/insights.smile.bi\/cs\/#organization","name":"Smile BI GmbH","url":"https:\/\/insights.smile.bi\/cs\/","logo":{"@type":"ImageObject","inLanguage":"cs","@id":"https:\/\/insights.smile.bi\/cs\/#\/schema\/logo\/image\/","url":"https:\/\/insights.smile.bi\/wp-content\/uploads\/2021\/12\/Smile_BI-Logo.png","contentUrl":"https:\/\/insights.smile.bi\/wp-content\/uploads\/2021\/12\/Smile_BI-Logo.png","width":728,"height":190,"caption":"Smile BI GmbH"},"image":{"@id":"https:\/\/insights.smile.bi\/cs\/#\/schema\/logo\/image\/"}}]}},"_links":{"self":[{"href":"https:\/\/insights.smile.bi\/cs\/wp-json\/wp\/v2\/pages\/8106","targetHints":{"allow":["GET"]}}],"collection":[{"href":"https:\/\/insights.smile.bi\/cs\/wp-json\/wp\/v2\/pages"}],"about":[{"href":"https:\/\/insights.smile.bi\/cs\/wp-json\/wp\/v2\/types\/page"}],"author":[{"embeddable":true,"href":"https:\/\/insights.smile.bi\/cs\/wp-json\/wp\/v2\/users\/41"}],"replies":[{"embeddable":true,"href":"https:\/\/insights.smile.bi\/cs\/wp-json\/wp\/v2\/comments?post=8106"}],"version-history":[{"count":0,"href":"https:\/\/insights.smile.bi\/cs\/wp-json\/wp\/v2\/pages\/8106\/revisions"}],"wp:attachment":[{"href":"https:\/\/insights.smile.bi\/cs\/wp-json\/wp\/v2\/media?parent=8106"}],"curies":[{"name":"wp","href":"https:\/\/api.w.org\/{rel}","templated":true}]}}