{"id":11441,"date":"2024-05-24T08:00:00","date_gmt":"2024-05-24T06:00:00","guid":{"rendered":"https:\/\/insights.smile.bi\/?page_id=11441"},"modified":"2025-07-17T08:38:53","modified_gmt":"2025-07-17T06:38:53","slug":"bile-knihy-pripadove-studie-a-dalsi","status":"publish","type":"page","link":"https:\/\/insights.smile.bi\/cs\/vsechny-postrehy\/bile-knihy-pripadove-studie-a-dalsi\/","title":{"rendered":"B\u00edl\u00e9 knihy, p\u0159\u00edpadov\u00e9 studie a dal\u0161\u00ed"},"content":{"rendered":" <div class=\"read-more-button-wrap\"><a href=\"https:\/\/insights.smile.bi\/cs\/vsechny-postrehy\/bile-knihy-pripadove-studie-a-dalsi\/\" class=\"more-link\"><span class=\"faux-button\">(Pokra\u010dov\u00e1n\u00ed textu&hellip;)<\/span> <span class=\"screen-reader-text\">\"B\u00edl\u00e9 knihy, p\u0159\u00edpadov\u00e9 studie a dal\u0161\u00ed\"<\/span><\/a><\/div>","protected":false},"excerpt":{"rendered":"<p>(Pokra\u010dov\u00e1n\u00ed textu&hellip;) &#8222;B\u00edl\u00e9 knihy, p\u0159\u00edpadov\u00e9 studie a dal\u0161\u00ed&#8220;<\/p>\n","protected":false},"author":41,"featured_media":0,"parent":8085,"menu_order":2,"comment_status":"closed","ping_status":"closed","template":"","meta":{"_crdt_document":"","footnotes":""},"class_list":["post-11441","page","type-page","status-publish","hentry"],"yoast_head":"<!-- This site is optimized with the Yoast SEO plugin v27.4 - https:\/\/yoast.com\/product\/yoast-seo-wordpress\/ -->\n<title>B\u00edl\u00e9 knihy, p\u0159\u00edpadov\u00e9 studie a dal\u0161\u00ed - Smile Insights+<\/title>\n<meta name=\"robots\" content=\"index, follow, max-snippet:-1, max-image-preview:large, max-video-preview:-1\" \/>\n<link rel=\"canonical\" href=\"https:\/\/insights.smile.bi\/cs\/vsechny-postrehy\/bile-knihy-pripadove-studie-a-dalsi\/\" \/>\n<meta property=\"og:locale\" content=\"cs_CZ\" \/>\n<meta property=\"og:type\" content=\"article\" \/>\n<meta property=\"og:title\" content=\"B\u00edl\u00e9 knihy, p\u0159\u00edpadov\u00e9 studie a dal\u0161\u00ed - Smile Insights+\" \/>\n<meta property=\"og:description\" content=\"(Pokra\u010dov\u00e1n\u00ed textu&hellip;) &quot;B\u00edl\u00e9 knihy, p\u0159\u00edpadov\u00e9 studie a dal\u0161\u00ed&quot;\" \/>\n<meta property=\"og:url\" content=\"https:\/\/insights.smile.bi\/cs\/vsechny-postrehy\/bile-knihy-pripadove-studie-a-dalsi\/\" \/>\n<meta property=\"og:site_name\" content=\"Smile Insights+\" \/>\n<meta property=\"article:modified_time\" content=\"2025-07-17T06:38:53+00:00\" \/>\n<meta property=\"og:image\" content=\"https:\/\/insights.smile.bi\/wp-content\/uploads\/2024\/05\/SAI_CaseStudy_AI_1920x1080px-2-1440x810.jpg\" \/>\n<meta name=\"twitter:card\" content=\"summary_large_image\" \/>\n<meta name=\"twitter:label1\" content=\"Odhadovan\u00e1 doba \u010dten\u00ed\" \/>\n\t<meta name=\"twitter:data1\" content=\"1 minuta\" \/>\n<script type=\"application\/ld+json\" class=\"yoast-schema-graph\">{\"@context\":\"https:\\\/\\\/schema.org\",\"@graph\":[{\"@type\":\"WebPage\",\"@id\":\"https:\\\/\\\/insights.smile.bi\\\/cs\\\/vsechny-postrehy\\\/bile-knihy-pripadove-studie-a-dalsi\\\/\",\"url\":\"https:\\\/\\\/insights.smile.bi\\\/cs\\\/vsechny-postrehy\\\/bile-knihy-pripadove-studie-a-dalsi\\\/\",\"name\":\"B\u00edl\u00e9 knihy, p\u0159\u00edpadov\u00e9 studie a dal\u0161\u00ed - Smile Insights+\",\"isPartOf\":{\"@id\":\"https:\\\/\\\/insights.smile.bi\\\/#website\"},\"primaryImageOfPage\":{\"@id\":\"https:\\\/\\\/insights.smile.bi\\\/cs\\\/vsechny-postrehy\\\/bile-knihy-pripadove-studie-a-dalsi\\\/#primaryimage\"},\"image\":{\"@id\":\"https:\\\/\\\/insights.smile.bi\\\/cs\\\/vsechny-postrehy\\\/bile-knihy-pripadove-studie-a-dalsi\\\/#primaryimage\"},\"thumbnailUrl\":\"https:\\\/\\\/insights.smile.bi\\\/wp-content\\\/uploads\\\/2024\\\/05\\\/SAI_CaseStudy_AI_1920x1080px-2-1440x810.jpg\",\"datePublished\":\"2024-05-24T06:00:00+00:00\",\"dateModified\":\"2025-07-17T06:38:53+00:00\",\"breadcrumb\":{\"@id\":\"https:\\\/\\\/insights.smile.bi\\\/cs\\\/vsechny-postrehy\\\/bile-knihy-pripadove-studie-a-dalsi\\\/#breadcrumb\"},\"inLanguage\":\"cs\",\"potentialAction\":[{\"@type\":\"ReadAction\",\"target\":[\"https:\\\/\\\/insights.smile.bi\\\/cs\\\/vsechny-postrehy\\\/bile-knihy-pripadove-studie-a-dalsi\\\/\"]}]},{\"@type\":\"ImageObject\",\"inLanguage\":\"cs\",\"@id\":\"https:\\\/\\\/insights.smile.bi\\\/cs\\\/vsechny-postrehy\\\/bile-knihy-pripadove-studie-a-dalsi\\\/#primaryimage\",\"url\":\"https:\\\/\\\/insights.smile.bi\\\/wp-content\\\/uploads\\\/2024\\\/05\\\/SAI_CaseStudy_AI_1920x1080px-2-1440x810.jpg\",\"contentUrl\":\"https:\\\/\\\/insights.smile.bi\\\/wp-content\\\/uploads\\\/2024\\\/05\\\/SAI_CaseStudy_AI_1920x1080px-2-1440x810.jpg\"},{\"@type\":\"BreadcrumbList\",\"@id\":\"https:\\\/\\\/insights.smile.bi\\\/cs\\\/vsechny-postrehy\\\/bile-knihy-pripadove-studie-a-dalsi\\\/#breadcrumb\",\"itemListElement\":[{\"@type\":\"ListItem\",\"position\":1,\"name\":\"Startseite\",\"item\":\"https:\\\/\\\/insights.smile.bi\\\/cs\\\/\"},{\"@type\":\"ListItem\",\"position\":2,\"name\":\"V\u0161echny post\u0159ehy\",\"item\":\"https:\\\/\\\/insights.smile.bi\\\/cs\\\/vsechny-postrehy\\\/\"},{\"@type\":\"ListItem\",\"position\":3,\"name\":\"B\u00edl\u00e9 knihy, p\u0159\u00edpadov\u00e9 studie a dal\u0161\u00ed\"}]},{\"@type\":\"WebSite\",\"@id\":\"https:\\\/\\\/insights.smile.bi\\\/#website\",\"url\":\"https:\\\/\\\/insights.smile.bi\\\/\",\"name\":\"Smile Insights+\",\"description\":\"Znalostn\u00ed centrum spole\u010dnosti Kaske Group\",\"publisher\":{\"@id\":\"https:\\\/\\\/insights.smile.bi\\\/#organization\"},\"potentialAction\":[{\"@type\":\"SearchAction\",\"target\":{\"@type\":\"EntryPoint\",\"urlTemplate\":\"https:\\\/\\\/insights.smile.bi\\\/?s={search_term_string}\"},\"query-input\":{\"@type\":\"PropertyValueSpecification\",\"valueRequired\":true,\"valueName\":\"search_term_string\"}}],\"inLanguage\":\"cs\"},{\"@type\":\"Organization\",\"@id\":\"https:\\\/\\\/insights.smile.bi\\\/#organization\",\"name\":\"Smile BI GmbH\",\"url\":\"https:\\\/\\\/insights.smile.bi\\\/\",\"logo\":{\"@type\":\"ImageObject\",\"inLanguage\":\"cs\",\"@id\":\"https:\\\/\\\/insights.smile.bi\\\/#\\\/schema\\\/logo\\\/image\\\/\",\"url\":\"https:\\\/\\\/insights.smile.bi\\\/wp-content\\\/uploads\\\/2021\\\/12\\\/Smile_BI-Logo.png\",\"contentUrl\":\"https:\\\/\\\/insights.smile.bi\\\/wp-content\\\/uploads\\\/2021\\\/12\\\/Smile_BI-Logo.png\",\"width\":728,\"height\":190,\"caption\":\"Smile BI GmbH\"},\"image\":{\"@id\":\"https:\\\/\\\/insights.smile.bi\\\/#\\\/schema\\\/logo\\\/image\\\/\"}}]}<\/script>\n<!-- \/ Yoast SEO plugin. -->","yoast_head_json":{"title":"B\u00edl\u00e9 knihy, p\u0159\u00edpadov\u00e9 studie a dal\u0161\u00ed - Smile Insights+","robots":{"index":"index","follow":"follow","max-snippet":"max-snippet:-1","max-image-preview":"max-image-preview:large","max-video-preview":"max-video-preview:-1"},"canonical":"https:\/\/insights.smile.bi\/cs\/vsechny-postrehy\/bile-knihy-pripadove-studie-a-dalsi\/","og_locale":"cs_CZ","og_type":"article","og_title":"B\u00edl\u00e9 knihy, p\u0159\u00edpadov\u00e9 studie a dal\u0161\u00ed - Smile Insights+","og_description":"(Pokra\u010dov\u00e1n\u00ed textu&hellip;) \"B\u00edl\u00e9 knihy, p\u0159\u00edpadov\u00e9 studie a dal\u0161\u00ed\"","og_url":"https:\/\/insights.smile.bi\/cs\/vsechny-postrehy\/bile-knihy-pripadove-studie-a-dalsi\/","og_site_name":"Smile Insights+","article_modified_time":"2025-07-17T06:38:53+00:00","og_image":[{"url":"https:\/\/insights.smile.bi\/wp-content\/uploads\/2024\/05\/SAI_CaseStudy_AI_1920x1080px-2-1440x810.jpg","type":"","width":"","height":""}],"twitter_card":"summary_large_image","twitter_misc":{"Odhadovan\u00e1 doba \u010dten\u00ed":"1 minuta"},"schema":{"@context":"https:\/\/schema.org","@graph":[{"@type":"WebPage","@id":"https:\/\/insights.smile.bi\/cs\/vsechny-postrehy\/bile-knihy-pripadove-studie-a-dalsi\/","url":"https:\/\/insights.smile.bi\/cs\/vsechny-postrehy\/bile-knihy-pripadove-studie-a-dalsi\/","name":"B\u00edl\u00e9 knihy, p\u0159\u00edpadov\u00e9 studie a dal\u0161\u00ed - Smile Insights+","isPartOf":{"@id":"https:\/\/insights.smile.bi\/#website"},"primaryImageOfPage":{"@id":"https:\/\/insights.smile.bi\/cs\/vsechny-postrehy\/bile-knihy-pripadove-studie-a-dalsi\/#primaryimage"},"image":{"@id":"https:\/\/insights.smile.bi\/cs\/vsechny-postrehy\/bile-knihy-pripadove-studie-a-dalsi\/#primaryimage"},"thumbnailUrl":"https:\/\/insights.smile.bi\/wp-content\/uploads\/2024\/05\/SAI_CaseStudy_AI_1920x1080px-2-1440x810.jpg","datePublished":"2024-05-24T06:00:00+00:00","dateModified":"2025-07-17T06:38:53+00:00","breadcrumb":{"@id":"https:\/\/insights.smile.bi\/cs\/vsechny-postrehy\/bile-knihy-pripadove-studie-a-dalsi\/#breadcrumb"},"inLanguage":"cs","potentialAction":[{"@type":"ReadAction","target":["https:\/\/insights.smile.bi\/cs\/vsechny-postrehy\/bile-knihy-pripadove-studie-a-dalsi\/"]}]},{"@type":"ImageObject","inLanguage":"cs","@id":"https:\/\/insights.smile.bi\/cs\/vsechny-postrehy\/bile-knihy-pripadove-studie-a-dalsi\/#primaryimage","url":"https:\/\/insights.smile.bi\/wp-content\/uploads\/2024\/05\/SAI_CaseStudy_AI_1920x1080px-2-1440x810.jpg","contentUrl":"https:\/\/insights.smile.bi\/wp-content\/uploads\/2024\/05\/SAI_CaseStudy_AI_1920x1080px-2-1440x810.jpg"},{"@type":"BreadcrumbList","@id":"https:\/\/insights.smile.bi\/cs\/vsechny-postrehy\/bile-knihy-pripadove-studie-a-dalsi\/#breadcrumb","itemListElement":[{"@type":"ListItem","position":1,"name":"Startseite","item":"https:\/\/insights.smile.bi\/cs\/"},{"@type":"ListItem","position":2,"name":"V\u0161echny post\u0159ehy","item":"https:\/\/insights.smile.bi\/cs\/vsechny-postrehy\/"},{"@type":"ListItem","position":3,"name":"B\u00edl\u00e9 knihy, p\u0159\u00edpadov\u00e9 studie a dal\u0161\u00ed"}]},{"@type":"WebSite","@id":"https:\/\/insights.smile.bi\/#website","url":"https:\/\/insights.smile.bi\/","name":"Smile Insights+","description":"Znalostn\u00ed centrum spole\u010dnosti Kaske Group","publisher":{"@id":"https:\/\/insights.smile.bi\/#organization"},"potentialAction":[{"@type":"SearchAction","target":{"@type":"EntryPoint","urlTemplate":"https:\/\/insights.smile.bi\/?s={search_term_string}"},"query-input":{"@type":"PropertyValueSpecification","valueRequired":true,"valueName":"search_term_string"}}],"inLanguage":"cs"},{"@type":"Organization","@id":"https:\/\/insights.smile.bi\/#organization","name":"Smile BI GmbH","url":"https:\/\/insights.smile.bi\/","logo":{"@type":"ImageObject","inLanguage":"cs","@id":"https:\/\/insights.smile.bi\/#\/schema\/logo\/image\/","url":"https:\/\/insights.smile.bi\/wp-content\/uploads\/2021\/12\/Smile_BI-Logo.png","contentUrl":"https:\/\/insights.smile.bi\/wp-content\/uploads\/2021\/12\/Smile_BI-Logo.png","width":728,"height":190,"caption":"Smile BI GmbH"},"image":{"@id":"https:\/\/insights.smile.bi\/#\/schema\/logo\/image\/"}}]}},"_links":{"self":[{"href":"https:\/\/insights.smile.bi\/cs\/wp-json\/wp\/v2\/pages\/11441","targetHints":{"allow":["GET"]}}],"collection":[{"href":"https:\/\/insights.smile.bi\/cs\/wp-json\/wp\/v2\/pages"}],"about":[{"href":"https:\/\/insights.smile.bi\/cs\/wp-json\/wp\/v2\/types\/page"}],"author":[{"embeddable":true,"href":"https:\/\/insights.smile.bi\/cs\/wp-json\/wp\/v2\/users\/41"}],"replies":[{"embeddable":true,"href":"https:\/\/insights.smile.bi\/cs\/wp-json\/wp\/v2\/comments?post=11441"}],"version-history":[{"count":1,"href":"https:\/\/insights.smile.bi\/cs\/wp-json\/wp\/v2\/pages\/11441\/revisions"}],"predecessor-version":[{"id":15702,"href":"https:\/\/insights.smile.bi\/cs\/wp-json\/wp\/v2\/pages\/11441\/revisions\/15702"}],"up":[{"embeddable":true,"href":"https:\/\/insights.smile.bi\/cs\/wp-json\/wp\/v2\/pages\/8085"}],"wp:attachment":[{"href":"https:\/\/insights.smile.bi\/cs\/wp-json\/wp\/v2\/media?parent=11441"}],"curies":[{"name":"wp","href":"https:\/\/api.w.org\/{rel}","templated":true}]}}