{"id":11052,"date":"2024-05-24T08:00:00","date_gmt":"2024-05-24T06:00:00","guid":{"rendered":"https:\/\/insights.smile.bi\/?page_id=11052"},"modified":"2024-05-23T16:55:23","modified_gmt":"2024-05-23T14:55:23","slug":"jak-rozumne-vyuzivat-umelou-inteligenci-v-digitalnim-farmaceutickem-odvetvi","status":"publish","type":"page","link":"https:\/\/insights.smile.bi\/cs\/vsechny-postrehy\/bile-knihy-pripadove-studie-a-dalsi\/jak-rozumne-vyuzivat-umelou-inteligenci-v-digitalnim-farmaceutickem-odvetvi\/","title":{"rendered":"Jak rozumn\u011b vyu\u017e\u00edvat um\u011blou inteligenci v digit\u00e1ln\u00edm farmaceutick\u00e9m odv\u011btv\u00ed"},"content":{"rendered":"You must be logged in to view this content.","protected":false},"excerpt":{"rendered":"You must be logged in to view this content.","protected":false},"author":41,"featured_media":0,"parent":11441,"menu_order":0,"comment_status":"open","ping_status":"closed","template":"templates\/template-full-width.php","meta":{"_crdt_document":"","footnotes":""},"class_list":["post-11052","page","type-page","status-publish","hentry"],"_links":{"self":[{"href":"https:\/\/insights.smile.bi\/cs\/wp-json\/wp\/v2\/pages\/11052","targetHints":{"allow":["GET"]}}],"collection":[{"href":"https:\/\/insights.smile.bi\/cs\/wp-json\/wp\/v2\/pages"}],"about":[{"href":"https:\/\/insights.smile.bi\/cs\/wp-json\/wp\/v2\/types\/page"}],"author":[{"embeddable":true,"href":"https:\/\/insights.smile.bi\/cs\/wp-json\/wp\/v2\/users\/41"}],"replies":[{"embeddable":true,"href":"https:\/\/insights.smile.bi\/cs\/wp-json\/wp\/v2\/comments?post=11052"}],"version-history":[{"count":0,"href":"https:\/\/insights.smile.bi\/cs\/wp-json\/wp\/v2\/pages\/11052\/revisions"}],"up":[{"embeddable":true,"href":"https:\/\/insights.smile.bi\/cs\/wp-json\/wp\/v2\/pages\/11441"}],"wp:attachment":[{"href":"https:\/\/insights.smile.bi\/cs\/wp-json\/wp\/v2\/media?parent=11052"}],"curies":[{"name":"wp","href":"https:\/\/api.w.org\/{rel}","templated":true}]}}